{"id":5,"date":"2022-11-07T19:26:16","date_gmt":"2022-11-07T17:26:16","guid":{"rendered":"https:\/\/ezgiulu.com\/?page_id=5"},"modified":"2023-08-04T14:46:04","modified_gmt":"2023-08-04T12:46:04","slug":"hakkinda","status":"publish","type":"page","link":"https:\/\/ezgiulu.com\/en\/hakkinda\/","title":{"rendered":"About"},"content":{"rendered":"<p>She was born in 1982 in Karadeniz Ere\u011fli (T\u00fcrkiye). She graduated from Karadeniz Anatolian High School (2000).<\/p>\n\n\n\n<p>She graduated from Middle East Technical University, Department of Psychology (2005). She completed her master's degree in the Department of Guidance and Psychological Counseling at Near East University (2010). She completed her doctoral thesis in Maltepe University Developmental Psychology by presenting his doctoral thesis titled \"Examination of memory errors in four different age groups in terms of the development of semantic memory\" (2012-2016).  She became Assistant Professor in 2017 and Associate Professor in 2023.<\/p>\n\n\n\n<p>She has several national and international book chapters, articles and papers published in the field of social, sexual and cognitive development in children and adolescents and continues her academic studies. She has been working as a lecturer at the University since 2017, and she continues to serve as the Head of the Department in 2020.<\/p>","protected":false},"excerpt":{"rendered":"<p>1982 y\u0131l\u0131nda Karadeniz Ere\u011fli\u2019de (T\u00fcrkiye) do\u011fdu. Karadeniz Anadolu Lisesi\u2019nden mezun oldu (2000). Orta Do\u011fu Teknik \u00dcniversitesi Psikoloji B\u00f6l\u00fcm\u00fcn\u00fc bitirdi (2005). Y\u00fcksek lisans \u00f6\u011frenimini Yak\u0131n Do\u011fu \u00dcniversitesi Rehberlik ve Psikolojik Dan\u0131\u015fmanl\u0131k Anabilim Dal\u0131nda tamamlad\u0131 (2010). \u201cBellek yan\u0131lmalar\u0131n\u0131n semantik belle\u011fin geli\u015fimi a\u00e7\u0131s\u0131ndan d\u00f6rt farkl\u0131 ya\u015f grubunda incelenmesi\u201d ba\u015fl\u0131kl\u0131 doktor tezini sunarak Maltepe \u00dcniversitesi Geli\u015fim Psikolojisi alan\u0131nda doktoras\u0131n\u0131 [&hellip;]<\/p>","protected":false},"author":1,"featured_media":0,"parent":0,"menu_order":0,"comment_status":"closed","ping_status":"closed","template":"","meta":[],"_links":{"self":[{"href":"https:\/\/ezgiulu.com\/en\/wp-json\/wp\/v2\/pages\/5"}],"collection":[{"href":"https:\/\/ezgiulu.com\/en\/wp-json\/wp\/v2\/pages"}],"about":[{"href":"https:\/\/ezgiulu.com\/en\/wp-json\/wp\/v2\/types\/page"}],"author":[{"embeddable":true,"href":"https:\/\/ezgiulu.com\/en\/wp-json\/wp\/v2\/users\/1"}],"replies":[{"embeddable":true,"href":"https:\/\/ezgiulu.com\/en\/wp-json\/wp\/v2\/comments?post=5"}],"version-history":[{"count":9,"href":"https:\/\/ezgiulu.com\/en\/wp-json\/wp\/v2\/pages\/5\/revisions"}],"predecessor-version":[{"id":197,"href":"https:\/\/ezgiulu.com\/en\/wp-json\/wp\/v2\/pages\/5\/revisions\/197"}],"wp:attachment":[{"href":"https:\/\/ezgiulu.com\/en\/wp-json\/wp\/v2\/media?parent=5"}],"curies":[{"name":"wp","href":"https:\/\/api.w.org\/{rel}","templated":true}]}}