{"id":42,"date":"2023-01-23T10:33:12","date_gmt":"2023-01-23T08:33:12","guid":{"rendered":"https:\/\/ezgiulu.com\/?page_id=42"},"modified":"2023-10-24T14:11:25","modified_gmt":"2023-10-24T12:11:25","slug":"sertifikalar","status":"publish","type":"page","link":"https:\/\/ezgiulu.com\/en\/sertifikalar\/","title":{"rendered":"Certificates"},"content":{"rendered":"<div data-elementor-type=\"wp-page\" data-elementor-id=\"42\" class=\"elementor elementor-42\">\n\t\t\t\t\t\t\t\t\t<section class=\"elementor-section elementor-top-section elementor-element elementor-element-ec7f57e elementor-section-boxed elementor-section-height-default elementor-section-height-default\" data-id=\"ec7f57e\" data-element_type=\"section\">\n\t\t\t\t\t\t<div class=\"elementor-container elementor-column-gap-default\">\n\t\t\t\t\t<div class=\"elementor-column elementor-col-100 elementor-top-column elementor-element elementor-element-26b4c409\" data-id=\"26b4c409\" data-element_type=\"column\">\n\t\t\t<div class=\"elementor-widget-wrap elementor-element-populated\">\n\t\t\t\t\t\t\t\t<div class=\"elementor-element elementor-element-89649c5 elementor-widget elementor-widget-text-editor\" data-id=\"89649c5\" data-element_type=\"widget\" data-widget_type=\"text-editor.default\">\n\t\t\t\t<div class=\"elementor-widget-container\">\n\t\t\t<style>\/*! elementor - v3.10.1 - 17-01-2023 *\/\n.elementor-widget-text-editor.elementor-drop-cap-view-stacked .elementor-drop-cap{background-color:#818a91;color:#fff}.elementor-widget-text-editor.elementor-drop-cap-view-framed .elementor-drop-cap{color:#818a91;border:3px solid;background-color:transparent}.elementor-widget-text-editor:not(.elementor-drop-cap-view-default) .elementor-drop-cap{margin-top:8px}.elementor-widget-text-editor:not(.elementor-drop-cap-view-default) .elementor-drop-cap-letter{width:1em;height:1em}.elementor-widget-text-editor .elementor-drop-cap{float:left;text-align:center;line-height:1;font-size:50px}.elementor-widget-text-editor .elementor-drop-cap-letter{display:inline-block}<\/style>\t\t\t\t<!-- \/wp:paragraph --><!-- wp:paragraph --><!-- \/wp:paragraph -->\n<p style=\"margin-left: 36.0pt; text-indent: -18.0pt; mso-list: l0 level1 lfo1;\"><span style=\"font-family: Symbol; mso-fareast-font-family: Symbol; mso-bidi-font-family: Symbol;\"><span style=\"mso-list: Ignore;\"><span style=\"font: 7.0pt 'Times New Roman';\">\u00a0 \u00a0 \u00a0 \u00a0<\/span><\/span><\/span><\/p>\n<!-- \/wp:paragraph --><!-- wp:paragraph -->\n<p style=\"margin-left: 36.0pt; text-indent: -18.0pt; mso-list: l0 level1 lfo1;\"><!-- [if !supportLists]--><\/p>\n<ul>\n<li>Child Tests (Porteus, Benton, Frostig, Metropolitan, Cateell 2A, Cattell 3A, Gessel, Bender-Gestalt, AGTE, Peabody, Good Enough)<\/li>\n<li>GE\u00c7DA (Gazi Early Childhood Assessment Tool)<\/li>\n<li>Moxo Attention Test - For detailed information: <a href=\"https:\/\/www.instagram.com\/moxoturkiye\/\">https:\/\/www.instagram.com\/moxoturkiye\/<\/a><\/li>\n<li>Attentioner Attention Training Program \u2013 For detailed information\u00a0<a href=\"https:\/\/www.instagram.com\/attentionerturkiye\/\">https:\/\/www.instagram.com\/attentionerturkiye\/<\/a><\/li>\n<li>CBT (Cognitive Behavioral Therapy)<\/li>\n<li>Game and Fairy Tale Therapy<\/li>\n<\/ul>\n<p style=\"margin-left: 36.0pt; text-indent: -18.0pt; mso-list: l0 level1 lfo1;\">\u00a0<\/p>\n<!-- \/wp:paragraph --><!-- wp:paragraph --><!-- \/wp:paragraph --><!-- wp:paragraph --><!-- \/wp:paragraph --><!-- \/wp:paragraph --><!-- wp:paragraph -->\t\t\t\t\t\t<\/div>\n\t\t\t\t<\/div>\n\t\t\t\t\t<\/div>\n\t\t<\/div>\n\t\t\t\t\t\t\t<\/div>\n\t\t<\/section>\n\t\t\t\t\t\t\t<\/div>","protected":false},"excerpt":{"rendered":"<p>\u00a0 \u00a0 \u00a0 \u00a0 \u00c7ocuk Testleri (Porteus, Benton, Frostig, Metropolitan, Cateell 2A, Cattell 3A, Gessel, Bender-Gestalt, AGTE, Peabody, Good Enough) GE\u00c7DA (Gazi Erken \u00c7ocuk De\u011ferlendirme Arac\u0131) Moxo Dikkat Testi &#8211; Ayr\u0131nt\u0131l\u0131 bilgi i\u00e7in: https:\/\/www.instagram.com\/moxoturkiye\/ Attentioner Dikkat E\u011fitim Program\u0131 &#8211; Ayr\u0131nt\u0131l\u0131 bilgi i\u00e7in\u00a0https:\/\/www.instagram.com\/attentionerturkiye\/ BDT (Bili\u015fsel Davran\u0131\u015f\u00e7\u0131 Terapi) Oyun ve Masal Terapisi \u00a0<\/p>","protected":false},"author":1,"featured_media":0,"parent":0,"menu_order":0,"comment_status":"closed","ping_status":"closed","template":"","meta":[],"_links":{"self":[{"href":"https:\/\/ezgiulu.com\/en\/wp-json\/wp\/v2\/pages\/42"}],"collection":[{"href":"https:\/\/ezgiulu.com\/en\/wp-json\/wp\/v2\/pages"}],"about":[{"href":"https:\/\/ezgiulu.com\/en\/wp-json\/wp\/v2\/types\/page"}],"author":[{"embeddable":true,"href":"https:\/\/ezgiulu.com\/en\/wp-json\/wp\/v2\/users\/1"}],"replies":[{"embeddable":true,"href":"https:\/\/ezgiulu.com\/en\/wp-json\/wp\/v2\/comments?post=42"}],"version-history":[{"count":10,"href":"https:\/\/ezgiulu.com\/en\/wp-json\/wp\/v2\/pages\/42\/revisions"}],"predecessor-version":[{"id":299,"href":"https:\/\/ezgiulu.com\/en\/wp-json\/wp\/v2\/pages\/42\/revisions\/299"}],"wp:attachment":[{"href":"https:\/\/ezgiulu.com\/en\/wp-json\/wp\/v2\/media?parent=42"}],"curies":[{"name":"wp","href":"https:\/\/api.w.org\/{rel}","templated":true}]}}