{"id":184,"date":"2023-01-25T16:32:49","date_gmt":"2023-01-25T14:32:49","guid":{"rendered":"https:\/\/ezgiulu.com\/?page_id=184"},"modified":"2023-10-24T14:22:24","modified_gmt":"2023-10-24T12:22:24","slug":"iletisim","status":"publish","type":"page","link":"https:\/\/ezgiulu.com\/en\/iletisim\/","title":{"rendered":"Contact"},"content":{"rendered":"<div data-elementor-type=\"wp-page\" data-elementor-id=\"184\" class=\"elementor elementor-184\">\n\t\t\t\t\t\t\t\t\t<section class=\"elementor-section elementor-top-section elementor-element elementor-element-3b9d98aa elementor-section-boxed elementor-section-height-default elementor-section-height-default\" data-id=\"3b9d98aa\" data-element_type=\"section\">\n\t\t\t\t\t\t<div class=\"elementor-container elementor-column-gap-default\">\n\t\t\t\t\t<div class=\"elementor-column elementor-col-100 elementor-top-column elementor-element elementor-element-204bae86\" data-id=\"204bae86\" data-element_type=\"column\">\n\t\t\t<div class=\"elementor-widget-wrap elementor-element-populated\">\n\t\t\t\t\t\t\t\t<div class=\"elementor-element elementor-element-4540d705 elementor-widget elementor-widget-text-editor\" data-id=\"4540d705\" data-element_type=\"widget\" data-widget_type=\"text-editor.default\">\n\t\t\t\t<div class=\"elementor-widget-container\">\n\t\t\t<style>\/*! elementor - v3.10.1 - 17-01-2023 *\/\n.elementor-widget-text-editor.elementor-drop-cap-view-stacked .elementor-drop-cap{background-color:#818a91;color:#fff}.elementor-widget-text-editor.elementor-drop-cap-view-framed .elementor-drop-cap{color:#818a91;border:3px solid;background-color:transparent}.elementor-widget-text-editor:not(.elementor-drop-cap-view-default) .elementor-drop-cap{margin-top:8px}.elementor-widget-text-editor:not(.elementor-drop-cap-view-default) .elementor-drop-cap-letter{width:1em;height:1em}.elementor-widget-text-editor .elementor-drop-cap{float:left;text-align:center;line-height:1;font-size:50px}.elementor-widget-text-editor .elementor-drop-cap-letter{display:inline-block}<\/style>\t\t\t\t<!-- wp:paragraph -->\n<p><img decoding=\"async\" loading=\"lazy\" class=\"alignnone size-medium wp-image-292\" src=\"https:\/\/ezgiulu.com\/wp-content\/uploads\/2023\/10\/WhatsApp-Image-2023-10-23-at-13.10.59-2-300x199.jpeg\" alt=\"\" width=\"300\" height=\"199\" \/><\/p>\n<p><strong><em>Dirisu Psikoterapi Klini\u011fi<\/em><\/strong><\/p>\n<!-- \/wp:paragraph --><!-- wp:paragraph -->\n<p>Adres: G\u00fcnayd\u0131n Mah. G\u00fcndo\u011fan Mah. G\u00fcndo\u011fan Sok., Elizya Apt. No:1 G\u00f6nyeli- Yenikent\u00a0\/ Lefko\u015fa-KKTC\u00a0<\/p>\n<!-- \/wp:paragraph --><!-- wp:paragraph -->\n<p>Telefon: 0548 870 86 85<\/p>\n<!-- \/wp:paragraph --><!-- wp:paragraph -->\n<p>Mail adresi: info@ezgiulu.com<\/p>\n<!-- \/wp:paragraph --><!-- wp:separator {\"backgroundColor\":\"black\",\"className\":\"is-style-wide\"} --><hr class=\"wp-block-separator has-text-color has-black-color has-alpha-channel-opacity has-black-background-color has-background is-style-wide\" \/><!-- \/wp:separator --><!-- wp:paragraph -->\n<p>\u00a0<\/p>\n<!-- \/wp:paragraph --><!-- wp:html -->\n<p><iframe loading=\"lazy\" style=\"border: 0;\" src=\"https:\/\/www.google.com\/maps\/embed?pb=!1m18!1m12!1m3!1d3260.1166039532764!2d33.313690799999996!3d35.203564400000005!2m3!1f0!2f0!3f0!3m2!1i1024!2i768!4f13.1!3m3!1m2!1s0x14de11e2fee7d045%3A0x19633d392288400!2sDirisu%20Psikoterapi%20Merkezi!5e0!3m2!1str!2s!4v1674653150858!5m2!1str!2s\" width=\"900\" height=\"450\" allowfullscreen=\"allowfullscreen\"><\/iframe><\/p>\n<!-- \/wp:html -->\t\t\t\t\t\t<\/div>\n\t\t\t\t<\/div>\n\t\t\t\t\t<\/div>\n\t\t<\/div>\n\t\t\t\t\t\t\t<\/div>\n\t\t<\/section>\n\t\t\t\t\t\t\t<\/div>","protected":false},"excerpt":{"rendered":"<p>Dirisu Psikoterapi Klini\u011fi Adres: G\u00fcnayd\u0131n Mah. G\u00fcndo\u011fan Mah. G\u00fcndo\u011fan Sok., Elizya Apt. No:1 G\u00f6nyeli- Yenikent\u00a0\/ Lefko\u015fa-KKTC\u00a0 Telefon: 0548 870 86 85 Mail adresi: info@ezgiulu.com \u00a0<\/p>","protected":false},"author":1,"featured_media":0,"parent":0,"menu_order":0,"comment_status":"closed","ping_status":"closed","template":"","meta":[],"_links":{"self":[{"href":"https:\/\/ezgiulu.com\/en\/wp-json\/wp\/v2\/pages\/184"}],"collection":[{"href":"https:\/\/ezgiulu.com\/en\/wp-json\/wp\/v2\/pages"}],"about":[{"href":"https:\/\/ezgiulu.com\/en\/wp-json\/wp\/v2\/types\/page"}],"author":[{"embeddable":true,"href":"https:\/\/ezgiulu.com\/en\/wp-json\/wp\/v2\/users\/1"}],"replies":[{"embeddable":true,"href":"https:\/\/ezgiulu.com\/en\/wp-json\/wp\/v2\/comments?post=184"}],"version-history":[{"count":8,"href":"https:\/\/ezgiulu.com\/en\/wp-json\/wp\/v2\/pages\/184\/revisions"}],"predecessor-version":[{"id":302,"href":"https:\/\/ezgiulu.com\/en\/wp-json\/wp\/v2\/pages\/184\/revisions\/302"}],"wp:attachment":[{"href":"https:\/\/ezgiulu.com\/en\/wp-json\/wp\/v2\/media?parent=184"}],"curies":[{"name":"wp","href":"https:\/\/api.w.org\/{rel}","templated":true}]}}